{"id":40,"date":"2020-05-01T22:36:55","date_gmt":"2020-05-01T21:36:55","guid":{"rendered":"https:\/\/museudeseverdovouga.pt\/foral\/?page_id=40"},"modified":"2023-04-29T12:17:05","modified_gmt":"2023-04-29T11:17:05","slug":"jogos","status":"publish","type":"page","link":"https:\/\/mm-sever.pt\/foral\/jogos\/","title":{"rendered":"5. &#8211; Para mi\u00fados e gra\u00fados"},"content":{"rendered":"\n<div style=\"height:30px\" aria-hidden=\"true\" class=\"wp-block-spacer\"><\/div>\n\n\n\n<p class=\"has-medium-font-size\">Disponibilizamos alguns passatempos sobre o Foral de Sever do Vouga.<\/p>\n\n\n\n<h2 class=\"wp-block-heading has-text-align-center has-vivid-red-color has-text-color\">Puzzle<\/h2>\n\n\n\n<iframe src=\"https:\/\/www.jigsawplanet.com\/?rc=play&amp;pid=315ee5f3ae21&amp;view=iframe\" style=\"width:100%;height:600px\" frameborder=0 allowfullscreen><\/iframe>\n\n\n\n<p><\/p>\n\n\n\n<h2 class=\"wp-block-heading has-text-align-center has-vivid-red-color has-text-color\">Sopa de Letras<\/h2>\n\n\n\n<p class=\"has-text-align-center\">Encontre os v\u00e1rios impostos estipulados no Foral de Sever. <br>Ao lado tem a defini\u00e7\u00e3o de cada um para ajudar <\/p>\n\n\n\n<iframe loading=\"lazy\" allowfullscreen=\"true\" style=\"border:none;width: 100% !important;position: static;display: block !important;margin: 0 !important;\" name=\"c87572ad1b7dec2223486144f5cf8836b06f1c99639786a6423e23b21549d63d\" src=\"https:\/\/amuselabs.com\/pmm\/wordsearch?id=df5fe3fc&amp;set=c87572ad1b7dec2223486144f5cf8836b06f1c99639786a6423e23b21549d63d&amp;embed=1&amp;compact=1&amp;maxCols=2\" width=\"100%\" height=\"700\"><\/iframe>\n\n\n\n<h2 class=\"wp-block-heading has-text-align-center has-vivid-red-color has-text-color\">Palavras Cruzadas<\/h2>\n\n\n\n<iframe loading=\"lazy\" allowfullscreen=\"true\" style=\"border:none;width: 100% !important;position: static;display: block !important;margin: 0 !important;\" name=\"c87572ad1b7dec2223486144f5cf8836b06f1c99639786a6423e23b21549d63d\" src=\"https:\/\/amuselabs.com\/pmm\/crossword?id=dc46298f&amp;set=c87572ad1b7dec2223486144f5cf8836b06f1c99639786a6423e23b21549d63d&amp;embed=1&amp;compact=1&amp;maxCols=2\" width=\"100%\" height=\"700\"><\/iframe>\n\n\n\n<h3 class=\"wp-block-heading\"><a href=\"https:\/\/mm-sever.pt\/foral\/mais\/\">&lt;&lt;&lt; 4. &#8211; Para saber mais<\/a><\/h3>\n\n\n\n<p><\/p>\n","protected":false},"excerpt":{"rendered":"<p>Disponibilizamos alguns passatempos sobre o Foral de Sever do Vouga. Puzzle Sopa de Letras Encontre os v\u00e1rios impostos estipulados no Foral de Sever. Ao lado tem a defini\u00e7\u00e3o de cada um para ajudar Palavras Cruzadas &lt;&lt;&lt; 4. &#8211; Para saber mais<\/p>\n","protected":false},"author":1,"featured_media":70,"parent":0,"menu_order":90,"comment_status":"closed","ping_status":"closed","template":"","meta":{"footnotes":""},"class_list":["post-40","page","type-page","status-publish","has-post-thumbnail","hentry"],"_links":{"self":[{"href":"https:\/\/mm-sever.pt\/foral\/wp-json\/wp\/v2\/pages\/40","targetHints":{"allow":["GET"]}}],"collection":[{"href":"https:\/\/mm-sever.pt\/foral\/wp-json\/wp\/v2\/pages"}],"about":[{"href":"https:\/\/mm-sever.pt\/foral\/wp-json\/wp\/v2\/types\/page"}],"author":[{"embeddable":true,"href":"https:\/\/mm-sever.pt\/foral\/wp-json\/wp\/v2\/users\/1"}],"replies":[{"embeddable":true,"href":"https:\/\/mm-sever.pt\/foral\/wp-json\/wp\/v2\/comments?post=40"}],"version-history":[{"count":13,"href":"https:\/\/mm-sever.pt\/foral\/wp-json\/wp\/v2\/pages\/40\/revisions"}],"predecessor-version":[{"id":263,"href":"https:\/\/mm-sever.pt\/foral\/wp-json\/wp\/v2\/pages\/40\/revisions\/263"}],"wp:featuredmedia":[{"embeddable":true,"href":"https:\/\/mm-sever.pt\/foral\/wp-json\/wp\/v2\/media\/70"}],"wp:attachment":[{"href":"https:\/\/mm-sever.pt\/foral\/wp-json\/wp\/v2\/media?parent=40"}],"curies":[{"name":"wp","href":"https:\/\/api.w.org\/{rel}","templated":true}]}}